{"id":32224,"date":"2023-11-06T10:14:21","date_gmt":"2023-11-06T10:14:21","guid":{"rendered":"https:\/\/www.fastighetsmassansyd.se\/cookies\/"},"modified":"2024-03-06T12:38:49","modified_gmt":"2024-03-06T12:38:49","slug":"cookies","status":"publish","type":"page","link":"https:\/\/www.fastighetsmassansyd.se\/en\/cookies\/","title":{"rendered":"Cookies"},"content":{"rendered":"\t\t<div data-elementor-type=\"wp-post\" data-elementor-id=\"32224\" class=\"elementor elementor-32224 elementor-15\" data-elementor-post-type=\"page\">\n\t\t\t\t\t\t<section class=\"elementor-section elementor-top-section elementor-element elementor-element-76d37adc elementor-section-boxed elementor-section-height-default elementor-section-height-default\" data-id=\"76d37adc\" data-element_type=\"section\" data-settings=\"{&quot;animation&quot;:&quot;none&quot;}\">\n\t\t\t\t\t\t<div class=\"elementor-container elementor-column-gap-default\">\n\t\t\t\t\t<div class=\"elementor-column elementor-col-100 elementor-top-column elementor-element elementor-element-6ea8b5f1\" data-id=\"6ea8b5f1\" data-element_type=\"column\">\n\t\t\t<div class=\"elementor-widget-wrap elementor-element-populated\">\n\t\t\t\t\t\t<section class=\"elementor-section elementor-inner-section elementor-element elementor-element-13353b0 elementor-section-boxed elementor-section-height-default elementor-section-height-default\" data-id=\"13353b0\" data-element_type=\"section\">\n\t\t\t\t\t\t<div class=\"elementor-container elementor-column-gap-default\">\n\t\t\t\t\t<div class=\"elementor-column elementor-col-50 elementor-inner-column elementor-element elementor-element-a9cfe36\" data-id=\"a9cfe36\" data-element_type=\"column\">\n\t\t\t<div class=\"elementor-widget-wrap elementor-element-populated\">\n\t\t\t\t\t\t<div class=\"elementor-element elementor-element-dbc37ab elementor-widget elementor-widget-heading\" data-id=\"dbc37ab\" data-element_type=\"widget\" data-widget_type=\"heading.default\">\n\t\t\t\t<div class=\"elementor-widget-container\">\n\t\t\t\t\t<h2 class=\"elementor-heading-title elementor-size-default\">cookie policy<\/h2>\t\t\t\t<\/div>\n\t\t\t\t<\/div>\n\t\t\t\t\t<\/div>\n\t\t<\/div>\n\t\t\t\t<div class=\"elementor-column elementor-col-50 elementor-inner-column elementor-element elementor-element-83d3de7\" data-id=\"83d3de7\" data-element_type=\"column\">\n\t\t\t<div class=\"elementor-widget-wrap elementor-element-populated\">\n\t\t\t\t\t\t<div class=\"elementor-element elementor-element-a0fb35d elementor-view-default elementor-widget elementor-widget-icon\" data-id=\"a0fb35d\" data-element_type=\"widget\" data-widget_type=\"icon.default\">\n\t\t\t\t<div class=\"elementor-widget-container\">\n\t\t\t\t\t\t\t<div class=\"elementor-icon-wrapper\">\n\t\t\t<div class=\"elementor-icon\">\n\t\t\t<i aria-hidden=\"true\" class=\"fas fa-cookie-bite\"><\/i>\t\t\t<\/div>\n\t\t<\/div>\n\t\t\t\t\t\t<\/div>\n\t\t\t\t<\/div>\n\t\t\t\t\t<\/div>\n\t\t<\/div>\n\t\t\t\t\t<\/div>\n\t\t<\/section>\n\t\t\t\t<div class=\"elementor-element elementor-element-670e1c1 elementor-widget elementor-widget-text-editor\" data-id=\"670e1c1\" data-element_type=\"widget\" data-widget_type=\"text-editor.default\">\n\t\t\t\t<div class=\"elementor-widget-container\">\n\t\t\t\t\t\t\t\t\t<p>On our websites, we use cookies and other similar technologies. The cookies we use collect information about your usage of the websites and store the data on your device. We do this to ensure that our websites function satisfactorily and are easy to use, to enhance your user experience, and to provide you with relevant offers.<\/p>\n\t\t\t\t\t\t\t\t<\/div>\n\t\t\t\t<\/div>\n\t\t\t\t<div class=\"elementor-element elementor-element-8b63baf elementor-widget elementor-widget-heading\" data-id=\"8b63baf\" data-element_type=\"widget\" data-widget_type=\"heading.default\">\n\t\t\t\t<div class=\"elementor-widget-container\">\n\t\t\t\t\t<h2 class=\"elementor-heading-title elementor-size-default\"> Your consent is required.<\/h2>\t\t\t\t<\/div>\n\t\t\t\t<\/div>\n\t\t\t\t<div class=\"elementor-element elementor-element-642cba5f elementor-widget elementor-widget-text-editor\" data-id=\"642cba5f\" data-element_type=\"widget\" data-widget_type=\"text-editor.default\">\n\t\t\t\t<div class=\"elementor-widget-container\">\n\t\t\t\t\t\t\t\t\t<div class=\"group w-full text-token-text-primary border-b border-black\/10 gizmo:border-0 dark:border-gray-900\/50 gizmo:dark:border-0 bg-gray-50 gizmo:bg-transparent dark:bg-[#444654] gizmo:dark:bg-transparent\" data-testid=\"conversation-turn-15\">\n<div class=\"p-4 gizmo:py-2 justify-center text-base md:gap-6 md:py-6 m-auto\">\n<div class=\"flex flex-1 gap-4 text-base mx-auto md:gap-6 gizmo:gap-3 gizmo:md:px-5 gizmo:lg:px-1 gizmo:xl:px-5 md:max-w-2xl lg:max-w-[38rem] gizmo:md:max-w-3xl gizmo:lg:max-w-[40rem] gizmo:xl:max-w-[48rem] xl:max-w-3xl }\">\n<div class=\"relative flex w-[calc(100%-50px)] flex-col gizmo:w-full lg:w-[calc(100%-115px)] agent-turn\">\n<div class=\"flex-col gap-1 md:gap-3\">\n<div class=\"flex flex-grow flex-col max-w-full gap-3 gizmo:gap-0\">\n<div class=\"min-h-[20px] flex flex-col items-start gap-3 whitespace-pre-wrap break-words overflow-x-auto\" data-message-author-role=\"assistant\" data-message-id=\"dab248c5-62ba-42f3-81b1-392fe11e5570\">\n<div class=\"markdown prose w-full break-words dark:prose-invert light\">\n<p>You can choose whether to accept cookies on your device or not. Your consent is required for the use of all cookies, except for cookies that are necessary to enable the service you, as a user, have explicitly requested. You give your consent by continuing to use our websites. If you do not agree to our use of cookies, or if you have previously consented and have changed your mind, you can change your cookie settings at any time.<\/p>\n<\/div>\n<\/div>\n<\/div>\n<div class=\"flex justify-between empty:hidden gizmo:justify-start gizmo:gap-3 lg:block gizmo:lg:flex\">\n<div class=\"text-gray-400 flex self-end lg:self-center justify-center gizmo:lg:justify-start mt-2 gizmo:mt-0 visible lg:gap-1 lg:absolute lg:top-0 lg:translate-x-full lg:right-0 lg:mt-0 lg:pl-2 gap-2 md:gap-3\"><button class=\"flex ml-auto gizmo:ml-0 gap-2 items-center rounded-md p-1 text-xs gizmo:gap-1.5 gizmo:pl-0 dark:text-gray-400 dark:hover:text-gray-200 disabled:dark:hover:text-gray-400 hover:text-gray-700\"><\/button><\/p>\n<div class=\"flex gap-1\"><\/div>\n<\/div>\n<\/div>\n<\/div>\n<\/div>\n<\/div>\n<\/div>\n<\/div>\n\t\t\t\t\t\t\t\t<\/div>\n\t\t\t\t<\/div>\n\t\t\t\t<div class=\"elementor-element elementor-element-7ee3c3ef elementor-widget elementor-widget-heading\" data-id=\"7ee3c3ef\" data-element_type=\"widget\" data-widget_type=\"heading.default\">\n\t\t\t\t<div class=\"elementor-widget-container\">\n\t\t\t\t\t<h2 class=\"elementor-heading-title elementor-size-default\"> What are cookies?<\/h2>\t\t\t\t<\/div>\n\t\t\t\t<\/div>\n\t\t\t\t<div class=\"elementor-element elementor-element-67fab8c5 elementor-widget elementor-widget-text-editor\" data-id=\"67fab8c5\" data-element_type=\"widget\" data-widget_type=\"text-editor.default\">\n\t\t\t\t<div class=\"elementor-widget-container\">\n\t\t\t\t\t\t\t\t\t<p>A cookie is a small text file that is saved in your browser when connecting to a website. Some types of cookies are necessary to ensure that our websites function properly and are easy to use. Other types of cookies are used to gather information about what you do when you visit our websites.<\/p>\n\t\t\t\t\t\t\t\t<\/div>\n\t\t\t\t<\/div>\n\t\t\t\t<div class=\"elementor-element elementor-element-15cfa25 elementor-widget elementor-widget-toggle\" data-id=\"15cfa25\" data-element_type=\"widget\" data-widget_type=\"toggle.default\">\n\t\t\t\t<div class=\"elementor-widget-container\">\n\t\t\t\t\t\t\t<div class=\"elementor-toggle\">\n\t\t\t\t\t\t\t<div class=\"elementor-toggle-item\">\n\t\t\t\t\t<div id=\"elementor-tab-title-2281\" class=\"elementor-tab-title\" data-tab=\"1\" role=\"button\" aria-controls=\"elementor-tab-content-2281\" aria-expanded=\"false\">\n\t\t\t\t\t\t\t\t\t\t\t\t<span class=\"elementor-toggle-icon elementor-toggle-icon-left\" aria-hidden=\"true\">\n\t\t\t\t\t\t\t\t\t\t\t\t\t\t\t<span class=\"elementor-toggle-icon-closed\"><i class=\"fas fa-caret-right\"><\/i><\/span>\n\t\t\t\t\t\t\t\t<span class=\"elementor-toggle-icon-opened\"><i class=\"elementor-toggle-icon-opened fas fa-caret-up\"><\/i><\/span>\n\t\t\t\t\t\t\t\t\t\t\t\t\t<\/span>\n\t\t\t\t\t\t\t\t\t\t\t\t<a class=\"elementor-toggle-title\" tabindex=\"0\"> COOKIE POLICY EASYFAIRS GROUP & RELATED SUBSIDIARIES<\/a>\n\t\t\t\t\t<\/div>\n\n\t\t\t\t\t<div id=\"elementor-tab-content-2281\" class=\"elementor-tab-content elementor-clearfix\" data-tab=\"1\" role=\"region\" aria-labelledby=\"elementor-tab-title-2281\"><p>Introduction<\/p>\n<p>Easyfairs International SA\/NV is the parent company of a corporate group engaged in live events and meeting and fair arrangements. Easyfairs International SA\/NV and its related subsidiaries take the protection of their customers&#8217; (exhibitors, officials, visitors, organizers, readers, advertisers, members, partners, potential customers, etc.) personal data very seriously. Therefore, our customers&#8217; personal data is stored securely and handled with the utmost care. This also applies to personal data about our suppliers, other stakeholders, and all other parties we have contact with. Easyfairs International SA\/NV and its related entities process your personal data with respect for your right to privacy and only process personal data in accordance with applicable data protection legislation, including the General Data Protection Regulation (Regulation 2016\/679, &#8220;GDPR&#8221;), Directive 2002\/58\/EC on the processing of personal data and the protection of privacy in the electronic communications sector (&#8220;e-Privacy Directive&#8221;), and relevant national data protection laws. In this privacy policy (&#8220;Policy&#8221;), we explain (i) which cookies are placed on your device and how long they remain, (ii) how you can remove cookies from your device, and (iii) what rights you have regarding such cookies.<\/p>\n<p>Contact details for the data controller Your personal data is processed by the following joint data controllers:<\/p>\n<ul>\n<li>Easyfairs Nordic AB, with address \u00c5by Arenav\u00e4g 10, 431 62 M\u00f6lndal, Sweden<\/li>\n<li>Easyfairs Group SA, with address Rue Saint-Lambert 135, 1200 Woluwe-Saint-Lambert, Belgium.<\/li>\n<\/ul>\n<p>(Together referred to as &#8220;Easyfairs,&#8221; &#8220;we,&#8221; and &#8220;us.&#8221;)<\/p>\n<p>If you have questions about this cookie policy or want to exercise your rights as mentioned in section 10 of our privacy policy, please contact our local data controller Jenny Flog\u00e5rd, either by post at Easyfairs AB, \u00c5by Arenav\u00e4g 8A, 431 62 M\u00f6lndal, or by email at <a href=\"mailto:PrivacySE@easyfairs.com\" target=\"_new\">PrivacySE@easyfairs.com<\/a> as described in section 10 of our privacy policy. You can also contact the group&#8217;s data protection officer at the following email address: <a href=\"mailto:dpo@easyfairs.com\" target=\"_new\">dpo@easyfairs.com<\/a>.<\/p>\n<p>Purpose and legal basis of data processing Functional cookies, absolutely necessary for the website to function We process functional cookies to fulfill our legitimate interests (Article 6(1)(f) of the GDPR), especially for the following purposes:<\/p>\n<p>(a) measure and optimize our website&#8217;s performance, (b) offer a high-performance and customized interface for visitors to our digital platforms, (c) use your personal data in aggregated or anonymized models to perform market analysis, financial management, marketing, reporting, big data analysis, or other types of analysis.<\/p>\n<p>In the cases mentioned above, we always strive for a legitimate balance between the need to process your personal data and protecting your freedoms and rights while respecting your privacy.<\/p>\n<p>Non-functional cookies We process non-functional cookies with your consent (Article 6(1)(a) of the GDPR), especially for the following purposes:<\/p>\n<p>(a) evaluate and optimize the quality of our online services and the user-friendliness of our digital platforms to provide you with the best possible experience, (b) establish marketing profiles or segments for customers or potential customers, such as targeted marketing.<\/p>\n<p>Your rights regarding your personal data As a data subject, you can exercise the following rights regarding your personal data. To assert them, contact our local data controller, either by post or email at the addresses specified in section 2.2. Attach a copy of your ID card, passport, or other valid identification and specify the nature of your request.<\/p>\n<p>Right of access: Within the limits of applicable laws and regulations, you may request information about whether we process your personal data and, if so, access it.<\/p>\n<p>Right to rectification: You can request that we correct incorrect and\/or complete incomplete personal data at no cost.<\/p>\n<p>Right to withdraw consent: Within the limits of applicable laws and regulations, you can withdraw your consent for cookies at any time. Such withdrawal does not affect the legality of the processing that occurred based on your prior consent. Note that if you withdraw your consent, you may not be able to benefit from certain service features for which the processing of your personal data is necessary.<\/p>\n<p>Right to erasure: You can request that we erase your personal data. We will do so unless there are legal reasons not to, such as a compelling, legitimate reason for us to retain your personal data. This may be the case if there are legal obligations we must comply with or if it is necessary for us to retain them to fulfill our legal obligations.<\/p>\n<p>Right to lodge a complaint with the Swedish Data Protection Authority: You have the right to contact the Swedish Data Protection Authority if you believe that we are processing your personal data unlawfully.<\/p>\n<p>Linked websites We are not responsible for the privacy policies and practices applied to other websites, even if you accessed the third party&#8217;s website through links on our website. We recommend checking the policy for each website you visit and contacting the owner or operator of such a website if you have any questions or concerns.<\/p>\n<p>Changes to our policy We reserve the right to change or modify this Policy without notifying you, and if we do, we will inform about the changes on this page. It is your responsibility to check the policy each time you provide information to us or place an order.<\/p>\n<\/div>\n\t\t\t\t<\/div>\n\t\t\t\t\t\t\t\t<\/div>\n\t\t\t\t\t\t<\/div>\n\t\t\t\t<\/div>\n\t\t\t\t<div class=\"elementor-element elementor-element-23157d8 elementor-widget elementor-widget-iframe-widget\" data-id=\"23157d8\" data-element_type=\"widget\" data-widget_type=\"iframe-widget.default\">\n\t\t\t\t<div class=\"elementor-widget-container\">\n\t\t\t\t\t<script id=\"CookieDeclaration\" src=\"https:\/\/consent.cookiebot.com\/4a0e8374-6f96-4699-9d36-5ff08ebebbc9\/cd.js\" type=\"text\/javascript\" async><\/script>\t\t\t\t<\/div>\n\t\t\t\t<\/div>\n\t\t\t\t\t<\/div>\n\t\t<\/div>\n\t\t\t\t\t<\/div>\n\t\t<\/section>\n\t\t\t\t<\/div>\n\t\t","protected":false},"excerpt":{"rendered":"<p>cookie policy On our websites, we use cookies and other similar technologies. The cookies we use collect information about your usage of the websites and store the data on your device. We do this to ensure that our websites function satisfactorily and are easy to use, to enhance your user experience, and to provide you [&hellip;]<\/p>\n","protected":false},"author":16,"featured_media":0,"parent":0,"menu_order":0,"comment_status":"closed","ping_status":"closed","template":"elementor_header_footer","meta":{"_seopress_robots_primary_cat":"","_seopress_titles_title":"Cookie policy","_seopress_titles_desc":"On the Fastighetsm\u00e4ssan Syd's website, we use cookies and other similar technologies.\r\n\r\n\r\n\r\n\r\n","_seopress_robots_index":"","footnotes":""},"class_list":["post-32224","page","type-page","status-publish","hentry"],"_links":{"self":[{"href":"https:\/\/www.fastighetsmassansyd.se\/en\/wp-json\/wp\/v2\/pages\/32224","targetHints":{"allow":["GET"]}}],"collection":[{"href":"https:\/\/www.fastighetsmassansyd.se\/en\/wp-json\/wp\/v2\/pages"}],"about":[{"href":"https:\/\/www.fastighetsmassansyd.se\/en\/wp-json\/wp\/v2\/types\/page"}],"author":[{"embeddable":true,"href":"https:\/\/www.fastighetsmassansyd.se\/en\/wp-json\/wp\/v2\/users\/16"}],"replies":[{"embeddable":true,"href":"https:\/\/www.fastighetsmassansyd.se\/en\/wp-json\/wp\/v2\/comments?post=32224"}],"version-history":[{"count":3,"href":"https:\/\/www.fastighetsmassansyd.se\/en\/wp-json\/wp\/v2\/pages\/32224\/revisions"}],"predecessor-version":[{"id":45229,"href":"https:\/\/www.fastighetsmassansyd.se\/en\/wp-json\/wp\/v2\/pages\/32224\/revisions\/45229"}],"wp:attachment":[{"href":"https:\/\/www.fastighetsmassansyd.se\/en\/wp-json\/wp\/v2\/media?parent=32224"}],"curies":[{"name":"wp","href":"https:\/\/api.w.org\/{rel}","templated":true}]}}