{"id":32257,"date":"2023-11-06T12:54:49","date_gmt":"2023-11-06T12:54:49","guid":{"rendered":"https:\/\/www.fastighetsmassansyd.se\/property-management-day\/"},"modified":"2025-11-06T10:36:05","modified_gmt":"2025-11-06T10:36:05","slug":"property-management-day","status":"publish","type":"page","link":"https:\/\/www.fastighetsmassansyd.se\/en\/property-management-day\/","title":{"rendered":"F\u00f6rvaltardagen"},"content":{"rendered":"\t\t<div data-elementor-type=\"wp-page\" data-elementor-id=\"32257\" class=\"elementor elementor-32257 elementor-31790\" data-elementor-post-type=\"page\">\n\t\t\t\t\t\t<section class=\"elementor-section elementor-top-section elementor-element elementor-element-7cfff5d elementor-section-boxed elementor-section-height-default elementor-section-height-default\" data-id=\"7cfff5d\" data-element_type=\"section\">\n\t\t\t\t\t\t<div class=\"elementor-container elementor-column-gap-default\">\n\t\t\t\t\t<div class=\"elementor-column elementor-col-100 elementor-top-column elementor-element elementor-element-9b10407\" data-id=\"9b10407\" data-element_type=\"column\">\n\t\t\t<div class=\"elementor-widget-wrap elementor-element-populated\">\n\t\t\t\t\t\t<div class=\"elementor-element elementor-element-2930499 elementor-widget elementor-widget-heading\" data-id=\"2930499\" data-element_type=\"widget\" data-widget_type=\"heading.default\">\n\t\t\t\t<div class=\"elementor-widget-container\">\n\t\t\t\t\t<h2 class=\"elementor-heading-title elementor-size-default\">In collaboration with Vitec Fastighet<\/h2>\t\t\t\t<\/div>\n\t\t\t\t<\/div>\n\t\t\t\t<div class=\"elementor-element elementor-element-6aa77db elementor-widget elementor-widget-heading\" data-id=\"6aa77db\" data-element_type=\"widget\" data-widget_type=\"heading.default\">\n\t\t\t\t<div class=\"elementor-widget-container\">\n\t\t\t\t\t<h1 class=\"elementor-heading-title elementor-size-default\">F\u00f6rvaltardagen<\/h1>\t\t\t\t<\/div>\n\t\t\t\t<\/div>\n\t\t\t\t<section class=\"elementor-section elementor-inner-section elementor-element elementor-element-183412c elementor-section-boxed elementor-section-height-default elementor-section-height-default\" data-id=\"183412c\" data-element_type=\"section\">\n\t\t\t\t\t\t<div class=\"elementor-container elementor-column-gap-default\">\n\t\t\t\t\t<div class=\"elementor-column elementor-col-33 elementor-inner-column elementor-element elementor-element-3589f2c\" data-id=\"3589f2c\" data-element_type=\"column\">\n\t\t\t<div class=\"elementor-widget-wrap elementor-element-populated\">\n\t\t\t\t\t\t<div class=\"elementor-element elementor-element-fe40d5a elementor-widget-divider--view-line elementor-widget elementor-widget-divider\" data-id=\"fe40d5a\" data-element_type=\"widget\" data-widget_type=\"divider.default\">\n\t\t\t\t<div class=\"elementor-widget-container\">\n\t\t\t\t\t\t\t<div class=\"elementor-divider\">\n\t\t\t<span class=\"elementor-divider-separator\">\n\t\t\t\t\t\t<\/span>\n\t\t<\/div>\n\t\t\t\t\t\t<\/div>\n\t\t\t\t<\/div>\n\t\t\t\t\t<\/div>\n\t\t<\/div>\n\t\t\t\t<div class=\"elementor-column elementor-col-33 elementor-inner-column elementor-element elementor-element-bf737ee\" data-id=\"bf737ee\" data-element_type=\"column\">\n\t\t\t<div class=\"elementor-widget-wrap elementor-element-populated\">\n\t\t\t\t\t\t<div class=\"elementor-element elementor-element-d59f852 elementor-widget elementor-widget-heading\" data-id=\"d59f852\" data-element_type=\"widget\" data-widget_type=\"heading.default\">\n\t\t\t\t<div class=\"elementor-widget-container\">\n\t\t\t\t\t<h2 class=\"elementor-heading-title elementor-size-default\">4th of February 8.30-12.00<\/h2>\t\t\t\t<\/div>\n\t\t\t\t<\/div>\n\t\t\t\t\t<\/div>\n\t\t<\/div>\n\t\t\t\t<div class=\"elementor-column elementor-col-33 elementor-inner-column elementor-element elementor-element-5bebac6\" data-id=\"5bebac6\" data-element_type=\"column\">\n\t\t\t<div class=\"elementor-widget-wrap elementor-element-populated\">\n\t\t\t\t\t\t<div class=\"elementor-element elementor-element-908fae3 elementor-widget-divider--view-line elementor-widget elementor-widget-divider\" data-id=\"908fae3\" data-element_type=\"widget\" data-widget_type=\"divider.default\">\n\t\t\t\t<div class=\"elementor-widget-container\">\n\t\t\t\t\t\t\t<div class=\"elementor-divider\">\n\t\t\t<span class=\"elementor-divider-separator\">\n\t\t\t\t\t\t<\/span>\n\t\t<\/div>\n\t\t\t\t\t\t<\/div>\n\t\t\t\t<\/div>\n\t\t\t\t\t<\/div>\n\t\t<\/div>\n\t\t\t\t\t<\/div>\n\t\t<\/section>\n\t\t\t\t<div class=\"elementor-element elementor-element-acc182c elementor-widget elementor-widget-text-editor\" data-id=\"acc182c\" data-element_type=\"widget\" data-widget_type=\"text-editor.default\">\n\t\t\t\t<div class=\"elementor-widget-container\">\n\t\t\t\t\t\t\t\t\t<p>F\u00f6rvaltardagen is an intensive half-day conference that puts property management at the center. Here, industry experts gather to share knowledge, make connections, and create new business opportunities. The event is organized in collaboration with leading players in the industry and combines an exhibition with inspiring lectures \u2013 all designed to provide those working as property managers, real estate directors, sustainability officers, CTOs, or business managers with new insights and valuable professional development.<br \/>Deltagandet \u00e4r helt kostnadsfritt.<\/p>\n\t\t\t\t\t\t\t\t<\/div>\n\t\t\t\t<\/div>\n\t\t\t\t\t<\/div>\n\t\t<\/div>\n\t\t\t\t\t<\/div>\n\t\t<\/section>\n\t\t\t\t<section class=\"elementor-section elementor-top-section elementor-element elementor-element-34f3631 elementor-section-boxed elementor-section-height-default elementor-section-height-default\" data-id=\"34f3631\" data-element_type=\"section\" data-settings=\"{&quot;background_background&quot;:&quot;classic&quot;}\">\n\t\t\t\t\t\t<div class=\"elementor-container elementor-column-gap-default\">\n\t\t\t\t\t<div class=\"elementor-column elementor-col-50 elementor-top-column elementor-element elementor-element-7f5360b\" data-id=\"7f5360b\" data-element_type=\"column\">\n\t\t\t<div class=\"elementor-widget-wrap elementor-element-populated\">\n\t\t\t\t\t\t<div class=\"elementor-element elementor-element-5ffe3e2 elementor-widget elementor-widget-image\" data-id=\"5ffe3e2\" data-element_type=\"widget\" data-widget_type=\"image.default\">\n\t\t\t\t<div class=\"elementor-widget-container\">\n\t\t\t\t\t\t\t\t\t\t\t\t\t\t\t<img fetchpriority=\"high\" decoding=\"async\" width=\"800\" height=\"645\" src=\"https:\/\/easyfairsassets.com\/sites\/128\/2025\/11\/pernilla-moderator-2-1024x825.png\" class=\"attachment-large size-large wp-image-48856\" alt=\"\" srcset=\"https:\/\/easyfairsassets.com\/sites\/128\/2025\/11\/pernilla-moderator-2-1024x825.png 1024w, https:\/\/easyfairsassets.com\/sites\/128\/2025\/11\/pernilla-moderator-2-300x242.png 300w, https:\/\/easyfairsassets.com\/sites\/128\/2025\/11\/pernilla-moderator-2-768x619.png 768w, https:\/\/easyfairsassets.com\/sites\/128\/2025\/11\/pernilla-moderator-2.png 1080w\" sizes=\"(max-width: 800px) 100vw, 800px\" \/>\t\t\t\t\t\t\t\t\t\t\t\t\t\t\t<\/div>\n\t\t\t\t<\/div>\n\t\t\t\t\t<\/div>\n\t\t<\/div>\n\t\t\t\t<div class=\"elementor-column elementor-col-50 elementor-top-column elementor-element elementor-element-9c5b2f7\" data-id=\"9c5b2f7\" data-element_type=\"column\" data-settings=\"{&quot;background_background&quot;:&quot;classic&quot;}\">\n\t\t\t<div class=\"elementor-widget-wrap elementor-element-populated\">\n\t\t\t\t\t\t<div class=\"elementor-element elementor-element-093f059 elementor-widget elementor-widget-heading\" data-id=\"093f059\" data-element_type=\"widget\" data-widget_type=\"heading.default\">\n\t\t\t\t<div class=\"elementor-widget-container\">\n\t\t\t\t\t<h4 class=\"elementor-heading-title elementor-size-default\">Pernilla Warberg<\/h4>\t\t\t\t<\/div>\n\t\t\t\t<\/div>\n\t\t\t\t<div class=\"elementor-element elementor-element-3ee0c35 elementor-widget elementor-widget-heading\" data-id=\"3ee0c35\" data-element_type=\"widget\" data-widget_type=\"heading.default\">\n\t\t\t\t<div class=\"elementor-widget-container\">\n\t\t\t\t\t<h2 class=\"elementor-heading-title elementor-size-default\">This year's moderator<\/h2>\t\t\t\t<\/div>\n\t\t\t\t<\/div>\n\t\t\t\t<div class=\"elementor-element elementor-element-c3c95be elementor-widget elementor-widget-text-editor\" data-id=\"c3c95be\" data-element_type=\"widget\" data-widget_type=\"text-editor.default\">\n\t\t\t\t<div class=\"elementor-widget-container\">\n\t\t\t\t\t\t\t\t\t<p>With professionalism and a personal touch as her guiding principles, Pernilla\u2019s work and passion lie in being the link between the audience and the stage. Through previous positions in both the public sector and private industry, Pernilla has developed her role on all kinds of stages.<\/p>\n\t\t\t\t\t\t\t\t<\/div>\n\t\t\t\t<\/div>\n\t\t\t\t\t<\/div>\n\t\t<\/div>\n\t\t\t\t\t<\/div>\n\t\t<\/section>\n\t\t\t\t<section class=\"elementor-section elementor-top-section elementor-element elementor-element-ef425bc elementor-section-boxed elementor-section-height-default elementor-section-height-default\" data-id=\"ef425bc\" data-element_type=\"section\">\n\t\t\t\t\t\t<div class=\"elementor-container elementor-column-gap-default\">\n\t\t\t\t\t<div class=\"elementor-column elementor-col-100 elementor-top-column elementor-element elementor-element-b9898d3\" data-id=\"b9898d3\" data-element_type=\"column\">\n\t\t\t<div class=\"elementor-widget-wrap elementor-element-populated\">\n\t\t\t\t\t\t<div class=\"elementor-element elementor-element-f7a4e34 elementor-widget elementor-widget-heading\" data-id=\"f7a4e34\" data-element_type=\"widget\" data-widget_type=\"heading.default\">\n\t\t\t\t<div class=\"elementor-widget-container\">\n\t\t\t\t\t<h2 class=\"elementor-heading-title elementor-size-default\">Schedule for the conference 2026<\/h2>\t\t\t\t<\/div>\n\t\t\t\t<\/div>\n\t\t\t\t<div class=\"elementor-element elementor-element-ac74b5c elementor-widget elementor-widget-text-editor\" data-id=\"ac74b5c\" data-element_type=\"widget\" data-widget_type=\"text-editor.default\">\n\t\t\t\t<div class=\"elementor-widget-container\">\n\t\t\t\t\t\t\t\t\t<p><strong>08.30-09.00:<\/strong> Breakfast<br \/><strong>09.00-09.10:<\/strong> Welcome<br \/><strong>10.20-10.40:<\/strong> Pause &amp; mingle<br \/><strong>12.00-13.00:<\/strong> Lunch &amp; mingle<\/p>\n\t\t\t\t\t\t\t\t<\/div>\n\t\t\t\t<\/div>\n\t\t\t\t\t<\/div>\n\t\t<\/div>\n\t\t\t\t\t<\/div>\n\t\t<\/section>\n\t\t\t\t<section class=\"elementor-section elementor-top-section elementor-element elementor-element-96c31e0 elementor-hidden-desktop elementor-hidden-tablet elementor-hidden-mobile elementor-section-boxed elementor-section-height-default elementor-section-height-default\" data-id=\"96c31e0\" data-element_type=\"section\">\n\t\t\t\t\t\t<div class=\"elementor-container elementor-column-gap-default\">\n\t\t\t\t\t<div class=\"elementor-column elementor-col-25 elementor-top-column elementor-element elementor-element-1f0b476\" data-id=\"1f0b476\" data-element_type=\"column\">\n\t\t\t<div class=\"elementor-widget-wrap elementor-element-populated\">\n\t\t\t\t\t\t<div class=\"elementor-element elementor-element-70f47bf elementor-widget elementor-widget-heading\" data-id=\"70f47bf\" data-element_type=\"widget\" data-widget_type=\"heading.default\">\n\t\t\t\t<div class=\"elementor-widget-container\">\n\t\t\t\t\t<h2 class=\"elementor-heading-title elementor-size-default\">09.10-09.45<\/h2>\t\t\t\t<\/div>\n\t\t\t\t<\/div>\n\t\t\t\t<div class=\"elementor-element elementor-element-6afe6e0 elementor-widget__width-initial elementor-position-top elementor-widget elementor-widget-image-box\" data-id=\"6afe6e0\" data-element_type=\"widget\" data-widget_type=\"image-box.default\">\n\t\t\t\t<div class=\"elementor-widget-container\">\n\t\t\t\t\t<div class=\"elementor-image-box-wrapper\"><figure class=\"elementor-image-box-img\"><img decoding=\"async\" width=\"800\" height=\"600\" src=\"https:\/\/easyfairsassets.com\/sites\/128\/2025\/11\/pernilla.jpg\" class=\"attachment-full size-full wp-image-48833\" alt=\"\" srcset=\"https:\/\/easyfairsassets.com\/sites\/128\/2025\/11\/pernilla.jpg 800w, https:\/\/easyfairsassets.com\/sites\/128\/2025\/11\/pernilla-300x225.jpg 300w, https:\/\/easyfairsassets.com\/sites\/128\/2025\/11\/pernilla-768x576.jpg 768w\" sizes=\"(max-width: 800px) 100vw, 800px\" \/><\/figure><div class=\"elementor-image-box-content\"><h3 class=\"elementor-image-box-title\">Lorem ipsum<\/h3><p class=\"elementor-image-box-description\">Lorem ipsum dolor sit amet, consectetur adipiscing elit. Ut elit tellus, luctus nec ullamcorper mattis, pulvinar dapibus leo.<\/p><\/div><\/div>\t\t\t\t<\/div>\n\t\t\t\t<\/div>\n\t\t\t\t\t<\/div>\n\t\t<\/div>\n\t\t\t\t<div class=\"elementor-column elementor-col-25 elementor-top-column elementor-element elementor-element-f7beefd\" data-id=\"f7beefd\" data-element_type=\"column\">\n\t\t\t<div class=\"elementor-widget-wrap elementor-element-populated\">\n\t\t\t\t\t\t<div class=\"elementor-element elementor-element-78d893c elementor-widget elementor-widget-heading\" data-id=\"78d893c\" data-element_type=\"widget\" data-widget_type=\"heading.default\">\n\t\t\t\t<div class=\"elementor-widget-container\">\n\t\t\t\t\t<h2 class=\"elementor-heading-title elementor-size-default\">09.45-10.20<\/h2>\t\t\t\t<\/div>\n\t\t\t\t<\/div>\n\t\t\t\t<div class=\"elementor-element elementor-element-1e802d2 elementor-widget__width-initial elementor-position-top elementor-widget elementor-widget-image-box\" data-id=\"1e802d2\" data-element_type=\"widget\" data-widget_type=\"image-box.default\">\n\t\t\t\t<div class=\"elementor-widget-container\">\n\t\t\t\t\t<div class=\"elementor-image-box-wrapper\"><figure class=\"elementor-image-box-img\"><img decoding=\"async\" width=\"800\" height=\"600\" src=\"https:\/\/easyfairsassets.com\/sites\/128\/2025\/11\/pernilla.jpg\" class=\"attachment-full size-full wp-image-48833\" alt=\"\" srcset=\"https:\/\/easyfairsassets.com\/sites\/128\/2025\/11\/pernilla.jpg 800w, https:\/\/easyfairsassets.com\/sites\/128\/2025\/11\/pernilla-300x225.jpg 300w, https:\/\/easyfairsassets.com\/sites\/128\/2025\/11\/pernilla-768x576.jpg 768w\" sizes=\"(max-width: 800px) 100vw, 800px\" \/><\/figure><div class=\"elementor-image-box-content\"><h3 class=\"elementor-image-box-title\">Lorem ipsum<\/h3><p class=\"elementor-image-box-description\">Lorem ipsum dolor sit amet, consectetur adipiscing elit. Ut elit tellus, luctus nec ullamcorper mattis, pulvinar dapibus leo.<\/p><\/div><\/div>\t\t\t\t<\/div>\n\t\t\t\t<\/div>\n\t\t\t\t\t<\/div>\n\t\t<\/div>\n\t\t\t\t<div class=\"elementor-column elementor-col-25 elementor-top-column elementor-element elementor-element-3a1032b\" data-id=\"3a1032b\" data-element_type=\"column\">\n\t\t\t<div class=\"elementor-widget-wrap elementor-element-populated\">\n\t\t\t\t\t\t<div class=\"elementor-element elementor-element-a89a151 elementor-widget elementor-widget-heading\" data-id=\"a89a151\" data-element_type=\"widget\" data-widget_type=\"heading.default\">\n\t\t\t\t<div class=\"elementor-widget-container\">\n\t\t\t\t\t<h2 class=\"elementor-heading-title elementor-size-default\">10.40-11.30<\/h2>\t\t\t\t<\/div>\n\t\t\t\t<\/div>\n\t\t\t\t<div class=\"elementor-element elementor-element-8974b83 elementor-widget__width-initial elementor-position-top elementor-widget elementor-widget-image-box\" data-id=\"8974b83\" data-element_type=\"widget\" data-widget_type=\"image-box.default\">\n\t\t\t\t<div class=\"elementor-widget-container\">\n\t\t\t\t\t<div class=\"elementor-image-box-wrapper\"><figure class=\"elementor-image-box-img\"><img decoding=\"async\" width=\"800\" height=\"600\" src=\"https:\/\/easyfairsassets.com\/sites\/128\/2025\/11\/pernilla.jpg\" class=\"attachment-full size-full wp-image-48833\" alt=\"\" srcset=\"https:\/\/easyfairsassets.com\/sites\/128\/2025\/11\/pernilla.jpg 800w, https:\/\/easyfairsassets.com\/sites\/128\/2025\/11\/pernilla-300x225.jpg 300w, https:\/\/easyfairsassets.com\/sites\/128\/2025\/11\/pernilla-768x576.jpg 768w\" sizes=\"(max-width: 800px) 100vw, 800px\" \/><\/figure><div class=\"elementor-image-box-content\"><h3 class=\"elementor-image-box-title\">Lorem ipsum<\/h3><p class=\"elementor-image-box-description\">Lorem ipsum dolor sit amet, consectetur adipiscing elit. Ut elit tellus, luctus nec ullamcorper mattis, pulvinar dapibus leo.<\/p><\/div><\/div>\t\t\t\t<\/div>\n\t\t\t\t<\/div>\n\t\t\t\t\t<\/div>\n\t\t<\/div>\n\t\t\t\t<div class=\"elementor-column elementor-col-25 elementor-top-column elementor-element elementor-element-1c7cda7\" data-id=\"1c7cda7\" data-element_type=\"column\">\n\t\t\t<div class=\"elementor-widget-wrap elementor-element-populated\">\n\t\t\t\t\t\t<div class=\"elementor-element elementor-element-13c6f10 elementor-widget elementor-widget-heading\" data-id=\"13c6f10\" data-element_type=\"widget\" data-widget_type=\"heading.default\">\n\t\t\t\t<div class=\"elementor-widget-container\">\n\t\t\t\t\t<h2 class=\"elementor-heading-title elementor-size-default\">11.30-12.00<\/h2>\t\t\t\t<\/div>\n\t\t\t\t<\/div>\n\t\t\t\t<div class=\"elementor-element elementor-element-82dee71 elementor-widget__width-initial elementor-position-top elementor-widget elementor-widget-image-box\" data-id=\"82dee71\" data-element_type=\"widget\" data-widget_type=\"image-box.default\">\n\t\t\t\t<div class=\"elementor-widget-container\">\n\t\t\t\t\t<div class=\"elementor-image-box-wrapper\"><figure class=\"elementor-image-box-img\"><img decoding=\"async\" width=\"800\" height=\"600\" src=\"https:\/\/easyfairsassets.com\/sites\/128\/2025\/11\/pernilla.jpg\" class=\"attachment-full size-full wp-image-48833\" alt=\"\" srcset=\"https:\/\/easyfairsassets.com\/sites\/128\/2025\/11\/pernilla.jpg 800w, https:\/\/easyfairsassets.com\/sites\/128\/2025\/11\/pernilla-300x225.jpg 300w, https:\/\/easyfairsassets.com\/sites\/128\/2025\/11\/pernilla-768x576.jpg 768w\" sizes=\"(max-width: 800px) 100vw, 800px\" \/><\/figure><div class=\"elementor-image-box-content\"><h3 class=\"elementor-image-box-title\">Lorem ipsum<\/h3><p class=\"elementor-image-box-description\">Lorem ipsum dolor sit amet, consectetur adipiscing elit. Ut elit tellus, luctus nec ullamcorper mattis, pulvinar dapibus leo.<\/p><\/div><\/div>\t\t\t\t<\/div>\n\t\t\t\t<\/div>\n\t\t\t\t\t<\/div>\n\t\t<\/div>\n\t\t\t\t\t<\/div>\n\t\t<\/section>\n\t\t\t\t<\/div>\n\t\t","protected":false},"excerpt":{"rendered":"<p>The Property Management Day is one of our popular half-day conferences, where we further strengthen the concept by dedicating half a day to the management and development of existing properties.<\/p>\n","protected":false},"author":860,"featured_media":0,"parent":0,"menu_order":0,"comment_status":"closed","ping_status":"closed","template":"elementor_header_footer","meta":{"_seopress_robots_primary_cat":"","_seopress_titles_title":"F\u00f6rvaltardagen - FastighetsM\u00e4ssan Syd 2026","_seopress_titles_desc":"F\u00f6rvaltardagen is one of our popular half-day conferences where we further strengthen the concept and dedicate a half-day focusing on the management and development of existing properties.","_seopress_robots_index":"","footnotes":""},"class_list":["post-32257","page","type-page","status-publish","hentry"],"_links":{"self":[{"href":"https:\/\/www.fastighetsmassansyd.se\/en\/wp-json\/wp\/v2\/pages\/32257","targetHints":{"allow":["GET"]}}],"collection":[{"href":"https:\/\/www.fastighetsmassansyd.se\/en\/wp-json\/wp\/v2\/pages"}],"about":[{"href":"https:\/\/www.fastighetsmassansyd.se\/en\/wp-json\/wp\/v2\/types\/page"}],"author":[{"embeddable":true,"href":"https:\/\/www.fastighetsmassansyd.se\/en\/wp-json\/wp\/v2\/users\/860"}],"replies":[{"embeddable":true,"href":"https:\/\/www.fastighetsmassansyd.se\/en\/wp-json\/wp\/v2\/comments?post=32257"}],"version-history":[{"count":5,"href":"https:\/\/www.fastighetsmassansyd.se\/en\/wp-json\/wp\/v2\/pages\/32257\/revisions"}],"predecessor-version":[{"id":48906,"href":"https:\/\/www.fastighetsmassansyd.se\/en\/wp-json\/wp\/v2\/pages\/32257\/revisions\/48906"}],"wp:attachment":[{"href":"https:\/\/www.fastighetsmassansyd.se\/en\/wp-json\/wp\/v2\/media?parent=32257"}],"curies":[{"name":"wp","href":"https:\/\/api.w.org\/{rel}","templated":true}]}}